

{"id":388,"date":"2016-12-18T21:31:32","date_gmt":"2016-12-18T20:31:32","guid":{"rendered":"http:\/\/svatka.pl\/?page_id=388"},"modified":"2025-10-06T10:14:47","modified_gmt":"2025-10-06T08:14:47","slug":"regulamin-zasady","status":"publish","type":"page","link":"https:\/\/svatka.pl\/en\/regulamin-zasady\/","title":{"rendered":"Terms"},"content":{"rendered":"<p align=\"JUSTIFY\"><strong>REGULAMIN spotka\u0144 SPEED DATING ze\u00a0 Svatka.pl<\/strong><\/p>\n<ol>\n<li>Aby wzi\u0105\u0107 udzia\u0142 w spotkaniu dla Singli \u2013 speed dating&#8217;u \u2013 organizowanym przez svatka.pl nale\u017cy wcze\u015bniej zg\u0142osi\u0107 ch\u0119\u0107 udzia\u0142u w wybranym spotkaniu na stronie <a href=\"http:\/\/www.svatka.pl\/\">www.svatka.pl<\/a><\/li>\n<li>Organizatorem spotka\u0144 jest firma SVATKA.PL<\/li>\n<li>Przed rozpocz\u0119ciem spotkania Speed Dating wymagane jest uiszczenie jednorazowej op\u0142aty (kwota op\u0142aty zale\u017cy od wybranego rodzaju imprezy).<\/li>\n<li>Osoby, kt\u00f3re decyduj\u0105 si\u0119 na uczestnictwo w spotkaniu Speed Dating zobowi\u0105zane s\u0105 do podania swojego imienia i nazwiska, numeru telefonu, adresu e-mail oraz adresu zamieszkania. Organizator potrzebuje wy\u017cej wymienionych danych do prawid\u0142owego przebiegu spotkania. Dane te s\u0105 poufne i nie s\u0105 rozpowszechniane.<\/li>\n<li>W trakcie spotkania Speed Dates uczestnicy wyra\u017caj\u0105 w otrzymanych wcze\u015bniej formularzach\u00a0ch\u0119\u0107 dalszego kontaktu z wybranymi osobami. Wskazane w formularzu<strong>\u00a0<\/strong>dane kontaktowe (tj. imi\u0119, nr telefonu oraz adres e-mail) zostaj\u0105 przekazane przez organizatora tylko osobom, kt\u00f3re wzajemnie wyrazi\u0142y na to zgod\u0119.<\/li>\n<li>Uczestnicy nie powinni nak\u0142ania\u0107 innych uczestnik\u00f3w do udost\u0119pniana w trakcie spotkania swoich danych kontaktowych, podczas spotkania przedstawiamy si\u0119 tylko imieniem.<\/li>\n<li>W trakcie spotkania Speed Dating\u00a0niedopuszczalne jest spo\u017cywania napoj\u00f3w zakupionych poza lokalem, w kt\u00f3rym odbywa si\u0119 wydarzenie.\u00a0Speed dating organizowane s\u0105 zawsze w lokalach komercyjnych (kawiarnia\/klub\/pub\/restauracja), gdzie mo\u017cna zakupi\u0107 napoje (alkoholowe i bezalkoholowe)\u00a0na miejscu.<\/li>\n<li>W spotkaniach Speed Dating organizowanych przez nasz serwis mog\u0105 bra\u0107 udzia\u0142 jedynie pe\u0142noletnie osoby o statusie singla.<\/li>\n<li>Przedp\u0142ata w formie przelewu na konto nie podlega zwrotowi w przypadku rezygnacji.<\/li>\n<li>Zgodnie z art. 38 ustawy z dnia 30 maja 2014 r. o prawach konsumenta, nie wyst\u0119puje mo\u017cliwo\u015b\u0107 odst\u0105pienia od umowy zawartej w drodze zg\u0142oszenia swojego udzia\u0142u w wydarzeniu ze \u015bci\u015ble okre\u015blonym terminem realizacji, chyba \u017ce strony porozumiej\u0105 si\u0119 inaczej. Kwesti\u0119 t\u0105 reguluj\u0105 poni\u017csze punkty.<\/li>\n<li>W przypadku rezygnacji z udzia\u0142u w wybranej imprezie nale\u017cy niezw\u0142ocznie powiadomi\u0107 o tym organizatora, jednak nie p\u00f3\u017aniej ni\u017c 24h przed wyznaczonym terminem spotkania, w innym wypadku organizator zastrzega sobie prawo do odm\u00f3wienia mo\u017cliwo\u015bci udzia\u0142u w przysz\u0142ych spotkaniach.<\/li>\n<li>Odwo\u0142anie swojej obecno\u015bci w dniu imprezy, lub w og\u00f3le niezjawienie si\u0119 na spotkaniu, wi\u0105\u017ce si\u0119 z obowi\u0105zkiem op\u0142acenia przez uczestnika zg\u0142oszonej rezerwacji\u00a0(p\u0142atno\u015bci nale\u017cy dokona\u0107 przelewem na rachunek podany w zak\u0142adce Kontakt, zgodnie z cen\u0105 jak w formie p\u0142atno\u015bci na miejscu).<\/li>\n<li>Organizator zastrzega sobie prawo do odwo\u0142ania wyznaczonego spotkania po wcze\u015bniejszym poinformowaniu o tym uczestnik\u00f3w. W takiej sytuacji wniesione op\u0142aty zostan\u0105 zwr\u00f3cone w ci\u0105gu dziesi\u0119ciu dni roboczych.<\/li>\n<li>Us\u0142ugodawca \u2013 Organizator nie ponosi odpowiedzialno\u015bci za niepojawienie si\u0119 uczestnik\u00f3w na spotkaniu szybkiej randki. W\u00f3wczas mo\u017ce zdarzy\u0107 si\u0119 sytuacja, \u017ce na spotkaniu pojawi si\u0119 wi\u0119cej Pa\u0144 ni\u017c Pan\u00f3w lub odwrotnie.<\/li>\n<li>Osoby, kt\u00f3re nie zastosuj\u0105 si\u0119 do ww. zasad regulaminu mog\u0105 zosta\u0107 niedopuszczone do zabawy Speed Dating lub wyproszone z niej bez zwrotu poniesionych koszt\u00f3w. Osobom tym organizator ma prawo odm\u00f3wi\u0107 udzia\u0142u w kolejnych imprezach dla singli organizowanych przez firm\u0119 Svatka.pl<\/li>\n<li>Ze wzgl\u0119du na specyfik\u0119 organizowanych wydarze\u0144, organizator zastrzega sobie prawo odmowy udzia\u0142u zg\u0142oszonej osobie, bez podania przyczyny.<\/li>\n<li>W przypadku stwierdzenia przez Uczestnika niezgodno\u015bci \u015bwiadczonej us\u0142ugi z opisem ma on prawo z\u0142o\u017cy\u0107 reklamacj\u0119 w formie pisemnej (list polecony) na adres podany w pkt. 2. Organizator ma 14 dni roboczych na rozpatrzenie reklamacji licz\u0105c od dnia dostarczenia pisma.<\/li>\n<li>Zapisanie si\u0119 na wybrany Speed Dating oznacza zgod\u0119 na otrzymywanie informacji reklamowych z serwisu Svatka.pl. Istnieje mo\u017cliwo\u015b\u0107 zrezygnowania z subskrypcji drog\u0105 elektroniczn\u0105.<\/li>\n<li>\n<p align=\"JUSTIFY\">Wszelkie dodatkowe informacje dotycz\u0105ce warunk\u00f3w korzystania z us\u0142ugi mo\u017cna uzyska\u0107 od ka\u017cdego z koordynator\u00f3w, zar\u00f3wno przez e-mail jak i drog\u0105 telefoniczn\u0105. Dane kontaktowe dost\u0119pne s\u0105 w zak\u0142adce \u201eO nas\u201d.<\/p>\n<\/li>\n<li>Zdj\u0119cia z wydarze\u0144 s\u0105 robione g\u0142\u00f3wnie w celach reporta\u017cowych i promocyjnych, dokumentuj\u0105c przebieg imprezy.<\/li>\n<\/ol>\n<p><strong>Personal data processing<\/strong><\/p>\n<div class=\"gmail_default\">\n<p>W ramach naszych stara\u0144 w celu osi\u0105gni\u0119cia zgodno\u015bci z RODO, a tak\u017ce w celu dostarczania informacji o tym, jak Pa\u0144stwa dane osobowe s\u0105 przetwarzane przez SVATKA.PL, poni\u017cej przekazujemy niezb\u0119dne informacje w tym zakresie.<\/p>\n<p>1. Administratorem Pa\u0144stwa danych osobowych jest SVATKA.PL z siedzib\u0105 w DAMNICY, NIP: 8393009314<\/p>\n<p><span style=\"color: #003366;\">2. Pa\u0144stwa dane osobowe przetwarzane s\u0105 w celu realizacji us\u0142ugi, spotka\u0144 oraz w celach marketingowych.\u00a0<\/span><\/p>\n<\/div>\n<div class=\"gmail_default\"><span style=\"color: #003366;\">3. Dane osobowe jakie zbieramy w celu wykonania naszych us\u0142ug to: Imi\u0119 i nazwisko, adres e-mail, numer telefonu<\/span><\/div>\n<div class=\"gmail_default\">4. Podanie Pa\u0144stwa danych osobowych jest dobrowolne i niezb\u0119dne w celu zawarcia umowy kupna-sprzeda\u017cy wej\u015bci\u00f3wek na spotkania organizowane przez portal SVATKA.PL<\/div>\n<div class=\"gmail_default\">5. Pa\u0144stwa dane mo\u017cemy przekazywa\u0107: osobom upowa\u017cnionym przez nas \u2013 naszym pracownikom i wsp\u00f3\u0142pracownikom, kt\u00f3rzy musz\u0105 mie\u0107 dost\u0119p do danych, aby wykonywa\u0107 swoje obowi\u0105zki, innym odbiorcom lub instytucjom, kt\u00f3re z mocy prawa mog\u0105 \u017c\u0105da\u0107 przekazania danych.<\/div>\n<div class=\"gmail_default\">6. Pa\u0144stwa dane osobowe b\u0119d\u0105 przechowywane przez okres trwania wsp\u00f3\u0142pracy biznesowej w czasie, przez kt\u00f3ry mogliby\u015bcie Pa\u0144stwo wnie\u015b\u0107 reklamacj\u0119 lub pozew,<\/div>\n<div class=\"gmail_default\">7. Przys\u0142uguje Pa\u0144stwu prawo dost\u0119pu do tre\u015bci swoich danych oraz prawo ich sprostowania, usuni\u0119cia, ograniczenia przetwarzania, prawo do przenoszenia danych, prawo wniesienia sprzeciwu, prawo do cofni\u0119cia zgody w dowolnym momencie bez wp\u0142ywu na zgodno\u015b\u0107 z prawem przetwarzania, kt\u00f3rego dokonano na podstawie zgody przed jej cofni\u0119ciem.<\/div>","protected":false},"excerpt":{"rendered":"<p>REGULAMIN spotka\u0144 SPEED DATING ze\u00a0 Svatka.pl Aby wzi\u0105\u0107 udzia\u0142 w spotkaniu dla Singli \u2013 speed dating&#8217;u \u2013 organizowanym przez svatka.pl nale\u017cy wcze\u015bniej zg\u0142osi\u0107 ch\u0119\u0107 udzia\u0142u w wybranym spotkaniu na stronie [&hellip;]<\/p>","protected":false},"author":1,"featured_media":0,"parent":0,"menu_order":0,"comment_status":"closed","ping_status":"closed","template":"","meta":{"footnotes":""},"class_list":["post-388","page","type-page","status-publish","hentry"],"yoast_head":"<!-- This site is optimized with the Yoast SEO plugin v26.7 - https:\/\/yoast.com\/wordpress\/plugins\/seo\/ -->\n<title>Regulamin speed dating, szybkie randki, zasady spotka\u0144 dla Singli<\/title>\n<meta name=\"description\" content=\"Poznaj regulamin szybkich randek, zasady imprez speed dating, spotkania dla Singli, wydarzenia, imprezy, randki tematyczne\" \/>\n<meta name=\"robots\" content=\"index, follow, max-snippet:-1, max-image-preview:large, max-video-preview:-1\" \/>\n<link rel=\"canonical\" href=\"https:\/\/svatka.pl\/en\/regulamin-zasady\/\" \/>\n<meta property=\"og:locale\" content=\"en_US\" \/>\n<meta property=\"og:type\" content=\"article\" \/>\n<meta property=\"og:title\" content=\"Regulamin speed dating, szybkie randki, zasady spotka\u0144 dla Singli\" \/>\n<meta property=\"og:description\" content=\"Poznaj regulamin szybkich randek, zasady imprez speed dating, spotkania dla Singli, wydarzenia, imprezy, randki tematyczne\" \/>\n<meta property=\"og:url\" content=\"https:\/\/svatka.pl\/en\/regulamin-zasady\/\" \/>\n<meta property=\"og:site_name\" content=\"Svatka.pl\" \/>\n<meta property=\"article:publisher\" content=\"https:\/\/www.facebook.com\/svatka.speeddates\/\" \/>\n<meta property=\"article:modified_time\" content=\"2025-10-06T08:14:47+00:00\" \/>\n<meta name=\"twitter:card\" content=\"summary_large_image\" \/>\n<meta name=\"twitter:label1\" content=\"Est. reading time\" \/>\n\t<meta name=\"twitter:data1\" content=\"5 minutes\" \/>\n<script type=\"application\/ld+json\" class=\"yoast-schema-graph\">{\"@context\":\"https:\/\/schema.org\",\"@graph\":[{\"@type\":\"WebPage\",\"@id\":\"https:\/\/svatka.pl\/regulamin-zasady\/\",\"url\":\"https:\/\/svatka.pl\/regulamin-zasady\/\",\"name\":\"Regulamin speed dating, szybkie randki, zasady spotka\u0144 dla Singli\",\"isPartOf\":{\"@id\":\"https:\/\/svatka.pl\/#website\"},\"datePublished\":\"2016-12-18T20:31:32+00:00\",\"dateModified\":\"2025-10-06T08:14:47+00:00\",\"description\":\"Poznaj regulamin szybkich randek, zasady imprez speed dating, spotkania dla Singli, wydarzenia, imprezy, randki tematyczne\",\"breadcrumb\":{\"@id\":\"https:\/\/svatka.pl\/regulamin-zasady\/#breadcrumb\"},\"inLanguage\":\"en-US\",\"potentialAction\":[{\"@type\":\"ReadAction\",\"target\":[\"https:\/\/svatka.pl\/regulamin-zasady\/\"]}]},{\"@type\":\"BreadcrumbList\",\"@id\":\"https:\/\/svatka.pl\/regulamin-zasady\/#breadcrumb\",\"itemListElement\":[{\"@type\":\"ListItem\",\"position\":1,\"name\":\"Strona g\u0142\u00f3wna\",\"item\":\"https:\/\/svatka.pl\/\"},{\"@type\":\"ListItem\",\"position\":2,\"name\":\"Regulamin\"}]},{\"@type\":\"WebSite\",\"@id\":\"https:\/\/svatka.pl\/#website\",\"url\":\"https:\/\/svatka.pl\/\",\"name\":\"Svatka.pl\",\"description\":\"speed dating\",\"publisher\":{\"@id\":\"https:\/\/svatka.pl\/#organization\"},\"potentialAction\":[{\"@type\":\"SearchAction\",\"target\":{\"@type\":\"EntryPoint\",\"urlTemplate\":\"https:\/\/svatka.pl\/?s={search_term_string}\"},\"query-input\":{\"@type\":\"PropertyValueSpecification\",\"valueRequired\":true,\"valueName\":\"search_term_string\"}}],\"inLanguage\":\"en-US\"},{\"@type\":\"Organization\",\"@id\":\"https:\/\/svatka.pl\/#organization\",\"name\":\"Svatka.pl\",\"url\":\"https:\/\/svatka.pl\/\",\"logo\":{\"@type\":\"ImageObject\",\"inLanguage\":\"en-US\",\"@id\":\"https:\/\/svatka.pl\/#\/schema\/logo\/image\/\",\"url\":\"https:\/\/svatka.pl\/wp-content\/uploads\/2016\/12\/logo_square_50px_white_bckg-2.png\",\"contentUrl\":\"https:\/\/svatka.pl\/wp-content\/uploads\/2016\/12\/logo_square_50px_white_bckg-2.png\",\"width\":40,\"height\":40,\"caption\":\"Svatka.pl\"},\"image\":{\"@id\":\"https:\/\/svatka.pl\/#\/schema\/logo\/image\/\"},\"sameAs\":[\"https:\/\/www.facebook.com\/svatka.speeddates\/\",\"https:\/\/www.instagram.com\/svatka.pl\/\",\"https:\/\/www.youtube.com\/watch?v=b3Iiupu2pfg\"]}]}<\/script>\n<!-- \/ Yoast SEO plugin. -->","yoast_head_json":{"title":"Regulamin speed dating, szybkie randki, zasady spotka\u0144 dla Singli","description":"Poznaj regulamin szybkich randek, zasady imprez speed dating, spotkania dla Singli, wydarzenia, imprezy, randki tematyczne","robots":{"index":"index","follow":"follow","max-snippet":"max-snippet:-1","max-image-preview":"max-image-preview:large","max-video-preview":"max-video-preview:-1"},"canonical":"https:\/\/svatka.pl\/en\/regulamin-zasady\/","og_locale":"en_US","og_type":"article","og_title":"Regulamin speed dating, szybkie randki, zasady spotka\u0144 dla Singli","og_description":"Poznaj regulamin szybkich randek, zasady imprez speed dating, spotkania dla Singli, wydarzenia, imprezy, randki tematyczne","og_url":"https:\/\/svatka.pl\/en\/regulamin-zasady\/","og_site_name":"Svatka.pl","article_publisher":"https:\/\/www.facebook.com\/svatka.speeddates\/","article_modified_time":"2025-10-06T08:14:47+00:00","twitter_card":"summary_large_image","twitter_misc":{"Est. reading time":"5 minutes"},"schema":{"@context":"https:\/\/schema.org","@graph":[{"@type":"WebPage","@id":"https:\/\/svatka.pl\/regulamin-zasady\/","url":"https:\/\/svatka.pl\/regulamin-zasady\/","name":"Regulamin speed dating, szybkie randki, zasady spotka\u0144 dla Singli","isPartOf":{"@id":"https:\/\/svatka.pl\/#website"},"datePublished":"2016-12-18T20:31:32+00:00","dateModified":"2025-10-06T08:14:47+00:00","description":"Poznaj regulamin szybkich randek, zasady imprez speed dating, spotkania dla Singli, wydarzenia, imprezy, randki tematyczne","breadcrumb":{"@id":"https:\/\/svatka.pl\/regulamin-zasady\/#breadcrumb"},"inLanguage":"en-US","potentialAction":[{"@type":"ReadAction","target":["https:\/\/svatka.pl\/regulamin-zasady\/"]}]},{"@type":"BreadcrumbList","@id":"https:\/\/svatka.pl\/regulamin-zasady\/#breadcrumb","itemListElement":[{"@type":"ListItem","position":1,"name":"Strona g\u0142\u00f3wna","item":"https:\/\/svatka.pl\/"},{"@type":"ListItem","position":2,"name":"Regulamin"}]},{"@type":"WebSite","@id":"https:\/\/svatka.pl\/#website","url":"https:\/\/svatka.pl\/","name":"Svatka.pl","description":"speed dating","publisher":{"@id":"https:\/\/svatka.pl\/#organization"},"potentialAction":[{"@type":"SearchAction","target":{"@type":"EntryPoint","urlTemplate":"https:\/\/svatka.pl\/?s={search_term_string}"},"query-input":{"@type":"PropertyValueSpecification","valueRequired":true,"valueName":"search_term_string"}}],"inLanguage":"en-US"},{"@type":"Organization","@id":"https:\/\/svatka.pl\/#organization","name":"Svatka.pl","url":"https:\/\/svatka.pl\/","logo":{"@type":"ImageObject","inLanguage":"en-US","@id":"https:\/\/svatka.pl\/#\/schema\/logo\/image\/","url":"https:\/\/svatka.pl\/wp-content\/uploads\/2016\/12\/logo_square_50px_white_bckg-2.png","contentUrl":"https:\/\/svatka.pl\/wp-content\/uploads\/2016\/12\/logo_square_50px_white_bckg-2.png","width":40,"height":40,"caption":"Svatka.pl"},"image":{"@id":"https:\/\/svatka.pl\/#\/schema\/logo\/image\/"},"sameAs":["https:\/\/www.facebook.com\/svatka.speeddates\/","https:\/\/www.instagram.com\/svatka.pl\/","https:\/\/www.youtube.com\/watch?v=b3Iiupu2pfg"]}]}},"_links":{"self":[{"href":"https:\/\/svatka.pl\/en\/wp-json\/wp\/v2\/pages\/388","targetHints":{"allow":["GET"]}}],"collection":[{"href":"https:\/\/svatka.pl\/en\/wp-json\/wp\/v2\/pages"}],"about":[{"href":"https:\/\/svatka.pl\/en\/wp-json\/wp\/v2\/types\/page"}],"author":[{"embeddable":true,"href":"https:\/\/svatka.pl\/en\/wp-json\/wp\/v2\/users\/1"}],"replies":[{"embeddable":true,"href":"https:\/\/svatka.pl\/en\/wp-json\/wp\/v2\/comments?post=388"}],"version-history":[{"count":1,"href":"https:\/\/svatka.pl\/en\/wp-json\/wp\/v2\/pages\/388\/revisions"}],"predecessor-version":[{"id":72127,"href":"https:\/\/svatka.pl\/en\/wp-json\/wp\/v2\/pages\/388\/revisions\/72127"}],"wp:attachment":[{"href":"https:\/\/svatka.pl\/en\/wp-json\/wp\/v2\/media?parent=388"}],"curies":[{"name":"wp","href":"https:\/\/api.w.org\/{rel}","templated":true}]}}