

{"id":25,"date":"2016-11-28T21:21:46","date_gmt":"2016-11-28T20:21:46","guid":{"rendered":"http:\/\/svatka.pl\/?page_id=25"},"modified":"2026-03-25T14:17:57","modified_gmt":"2026-03-25T13:17:57","slug":"kontakt","status":"publish","type":"page","link":"https:\/\/svatka.pl\/en\/kontakt\/","title":{"rendered":"Contact"},"content":{"rendered":"<form  name= \"wpdevart_frontend_form_1\" id='wpdevart-forms-1' class=\"wpdevart-forms default-skin forms-general-styling\" method='post'  action='' enctype='multipart\/form-data' data-trp-original-action=\"\">\r\n\t\r\n\t\t\t\t\t\t                                            <!--bfh-number -->\r\n                                            <div class=\"wpdevart-input-field\">\r\n                                                 \r\n                                                        <label><\/label>\r\n                                                        \r\n                                                <div class=\"input-email input-field-inner\">\r\n                                                    \r\n                                                    <input  type=\"email\"  \r\n                                                            id =\"input-field-6\"\r\n                                                            name=\"label_6\"   required value=\"\" class=\"form-control\" \r\n                                                            placeholder=\"email\" \r\n                                                             \r\n                                                           \/>\r\n                                                <\/div>\r\n                                            <\/div>\r\n\t\t\t\t\t\t\t\t\t\t                                            <!--bfh-number -->\r\n                                            <div class=\"wpdevart-input-field\">\r\n                                                 \r\n                                                        <label><\/label>\r\n                                                        \r\n                                                <div class=\"input-text input-field-inner\">\r\n                                                    \r\n                                                    <input  type=\"text\"  \r\n                                                            id =\"input-field-1\"\r\n                                                            name=\"label_1\"   required value=\"\" class=\"form-control\" \r\n                                                            placeholder=\"First name and last name\" \r\n                                                             \r\n                                                           \/>\r\n                                                <\/div>\r\n                                            <\/div>\r\n\t\t\t\t\t\t\t\t\t\t\t\t\t\t\t\t\t\t\t<div class=\"wpdevart-textarea\">\r\n\t\t\t\t\t\t\t\t\t\t \r\n\t\t\t\t\t\t\t\t\t\t\t\t<label> <\/label> \r\n\t\t\t\t\t\t\t\t\t\t \r\n\t\t\t\t\t\t\t\t\t\t<textarea name=\"label_9\" placeholder=\"Write to us...\"><\/textarea> \r\n\t\t\t\t\t\t\t\t\t<\/div>\r\n\t\t\t\t\t\t\t\t\t\t\t\t\t\t\t\t\t\t<div class=\"wpdevart-sub-fields\">\r\n\t\r\n\t\t\t\t\t\t\t\t\t \r\n\t\t\t\t\t\t\t\t\t\t\t<label><\/label>\r\n\t\t\t\t\t\t\t\t\t\t\r\n\t\t\t\t\t\t\t\t\t<div class=\"wpdevart-sub-fields-inner\">\r\n\t\t\t\t\t\t\t\t\t<div class='wpdevart-select'><select name='label_10' class='form-control'>\t\t\t\t\t\t\t\t\t\t\t<!-- defualt options value will be equal to the $key in the loop -->\r\n\t\t\t\t\t\t\t\t\t\t\t<option {wybierz miasto} selected>\r\n\t\t\t\t\t\t\t\t\t\t\t{choose a city}\t\t\t\t\t\t\t\t\t\t\t<\/option>\t\t\t\t\t\t\t\t\t\t\t<!-- defualt options value will be equal to the $key in the loop -->\r\n\t\t\t\t\t\t\t\t\t\t\t<option pozna\u0144>\r\n\t\t\t\t\t\t\t\t\t\t\tPozna\u0144\t\t\t\t\t\t\t\t\t\t\t<\/option>\t\t\t\t\t\t\t\t\t\t\t<!-- defualt options value will be equal to the $key in the loop -->\r\n\t\t\t\t\t\t\t\t\t\t\t<option warszawa>\r\n\t\t\t\t\t\t\t\t\t\t\tWarszawa\t\t\t\t\t\t\t\t\t\t\t<\/option>\t\t\t\t\t\t\t\t\t\t\t<!-- defualt options value will be equal to the $key in the loop -->\r\n\t\t\t\t\t\t\t\t\t\t\t<option krak\u00f3w>\r\n\t\t\t\t\t\t\t\t\t\t\tKrak\u00f3w\t\t\t\t\t\t\t\t\t\t\t<\/option>\t\t\t\t\t\t\t\t\t\t\t<!-- defualt options value will be equal to the $key in the loop -->\r\n\t\t\t\t\t\t\t\t\t\t\t<option gda\u0144sk>\r\n\t\t\t\t\t\t\t\t\t\t\tGda\u0144sk\t\t\t\t\t\t\t\t\t\t\t<\/option>\t\t\t\t\t\t\t\t\t\t\t<!-- defualt options value will be equal to the $key in the loop -->\r\n\t\t\t\t\t\t\t\t\t\t\t<option wroc\u0142aw>\r\n\t\t\t\t\t\t\t\t\t\t\tWroc\u0142aw\t\t\t\t\t\t\t\t\t\t\t<\/option>\t\t\t\t\t\t\t\t\t\t\t<!-- defualt options value will be equal to the $key in the loop -->\r\n\t\t\t\t\t\t\t\t\t\t\t<option szczecin>\r\n\t\t\t\t\t\t\t\t\t\t\tSzczecin\t\t\t\t\t\t\t\t\t\t\t<\/option>\t\t\t\t\t\t\t\t\t\t\t<!-- defualt options value will be equal to the $key in the loop -->\r\n\t\t\t\t\t\t\t\t\t\t\t<option s\u0142upsk>\r\n\t\t\t\t\t\t\t\t\t\t\tS\u0142upsk\t\t\t\t\t\t\t\t\t\t\t<\/option>\t\t\t\t\t\t\t\t\t\t\t<!-- defualt options value will be equal to the $key in the loop -->\r\n\t\t\t\t\t\t\t\t\t\t\t<option bydgoszcz>\r\n\t\t\t\t\t\t\t\t\t\t\tBydgoszcz\t\t\t\t\t\t\t\t\t\t\t<\/option>\t\t\t\t\t\t\t\t\t\t\t<!-- defualt options value will be equal to the $key in the loop -->\r\n\t\t\t\t\t\t\t\t\t\t\t<option zielona g\u00f3ra>\r\n\t\t\t\t\t\t\t\t\t\t\tZielona G\u00f3ra\t\t\t\t\t\t\t\t\t\t\t<\/option>\t\t\t\t\t\t\t\t\t\t\t<!-- defualt options value will be equal to the $key in the loop -->\r\n\t\t\t\t\t\t\t\t\t\t\t<option lublin>\r\n\t\t\t\t\t\t\t\t\t\t\tLublin\t\t\t\t\t\t\t\t\t\t\t<\/option>\t\t\t\t\t\t\t\t\t\t\t<!-- defualt options value will be equal to the $key in the loop -->\r\n\t\t\t\t\t\t\t\t\t\t\t<option katowice>\r\n\t\t\t\t\t\t\t\t\t\t\tKatowice\t\t\t\t\t\t\t\t\t\t\t<\/option>\t\t\t\t\t\t\t\t\t\t\t<!-- defualt options value will be equal to the $key in the loop -->\r\n\t\t\t\t\t\t\t\t\t\t\t<option \u0141\u00f3d\u017a>\r\n\t\t\t\t\t\t\t\t\t\t\t\u0141\u00f3d\u017a\t\t\t\t\t\t\t\t\t\t\t<\/option><\/select><\/div>\t\t\t\t\t\t\t\t\t<\/div><\/div>\r\n\t\t\t\t\t\t\t\t\t\t\r\n   \r\n                   \r\n\t\t\t\t\t   \t\t\t\t\t\t<input type=\"hidden\" name=\"form_id\" value=\"1\" \/>  \r\n\t\t\t\t\t\t<!--<input type=\"submit\" value='Wy\u015blij' id=\"btn_send_form_email_1\" name=\"btn_send_form_email\" \/>-->\r\n\t\t\t\t\t\t<button type=\"submit\" name=\"btn_send_form_email\" id=\"btn_send_form_email_1\" >Send<\/button>\r\n\t\t\t\t\t\t\t\r\n\t\t\t\t\t  <span id=\"loader-icon-1\" style=\"display:none;\" class=\"form-loader\">\r\n\t\t\t\t\t\t<img decoding=\"async\" src=\"https:\/\/svatka.pl\/wp-content\/plugins\/contact-forms-builder\/\/assets\/images\/loader.gif\" \/>\r\n\t\t\t\t\t  <\/span>\r\n\t\r\n\t\t\t\t   <input type=\"hidden\" name=\"trp-form-language\" value=\"en\"\/><\/form>\r\n\t\r\n\t\t\t\t\t\t<div id=\"frontend_form_messages_1\" style=\"margin-top:10px; margin-bottom:10px;\"><\/div>\r\n\t\r\n\t\t\t\t   <script>\r\n\t\r\n\t\t\t\t\t\/\/ Document\r\n\t\t\t\t\tjQuery( document ).ready(function() {\r\n\t\t\t\t\t\t\/\/\tDon't submit form on enter, allow enter button only for texts\r\n\t\t\t\t\t\tjQuery(document).on(\"keypress\", \":input:not(textarea)\", function(event) {\r\n\t\t\t\t\t\t\treturn event.keyCode != 13;\r\n\t\t\t\t\t\t});\r\n\t\r\n\t\t\t\t\t\t\/\/ Do not use previous password saved in browser for password field\r\n\t\t\t\t\t\tjQuery(\"input[type='password']\").attr(\"autocomplete\", \"new-password\");\r\n\t\r\n\t\t\t\t\t\t\/\/handle form submission\r\n\t\t\t\t\t\t\/\/jQuery(\"form[name='wpdevart_frontend_form_1']\").submit(function(e){\r\n\t\t\t\t\t\tjQuery(document).on(\"submit\", \"form[name='wpdevart_frontend_form_1']\", function(e) {\r\n\t\t\t\t\t\t\t\/\/shortcode attributes e.g\r\n\t\t\t\t\t\t\tvar atts = {\"id\":\"1\"};\r\n\t\t\t\t\t\t\tvar options = { \r\n\t\t\t\t\t\t\t\t\/\/target:'#frontend_form_messages_1',   \/\/ target element(s) to be updated with server response \r\n\t\t\t\t\t\t\t\t\/\/ other available options: \r\n\t\t\t\t\t\t\t\t url:\"https:\/\/svatka.pl\/wp-admin\/admin-ajax.php\",        \/\/ override for form's 'action' attribute \r\n\t\t\t\t\t\t\t\t\/\/url:\"https:\/\/svatka.pl\/wp-content\/plugins\/contact-forms-builder\/check-ajax.php\",\r\n\t\t\t\t\t\t\t\tdata:{'btn_send_form_email':'1','process_ajax':'1','atts':JSON.stringify(atts),'action':'get_post_information'},\r\n\t\t\t\t\t\t\t\t\/\/type:      type        \/\/ 'get' or 'post', override for form's 'method' attribute \r\n\t\t\t\t\t\t\t\t\/\/dataType:  null        \/\/ 'xml', 'script', or 'json' (expected server response type) \r\n\t\t\t\t\t\t\t\t\/\/clearForm: true ,       \/\/ clear all form fields after successful submit \r\n\t\t\t\t\t\t\t\t\/\/resetForm: true  ,      \/\/ reset the form after successful submit \r\n\t\r\n\t\t\t\t\t\t\t\t\/\/ $.ajax options can be used here too, for example: \r\n\t\t\t\t\t\t\t\t\/\/timeout:   3000 \r\n\t\r\n\t\t\t\t\t\t\t\tbeforeSubmit: function() {\r\n\t\t\t\t\t\t\t\t\tjQuery(\"#loader-icon-1\").show();\r\n\t\t\t\t\t\t\t\t},\r\n\t\t\t\t\t\t\t\tsuccess:showResponse, \/\/ post-submit callback \r\n\t\t\t\t\t\t\t }; \r\n\t\r\n\t\t\t\t\t\t\t\/\/ inside event callbacks 'this' is the DOM element so we first \r\n\t\t\t\t\t\t\t\/\/ wrap it in a jQuery object and then invoke ajaxSubmit \r\n\t\t\t\t\t\t\tjQuery(this).ajaxSubmit(options); \r\n\t\r\n\t\t\t\t\t\t\t\/\/ !!! Important !!! \r\n\t\t\t\t\t\t\t\/\/ always return false to prevent standard browser submit and page navigation \r\n\t\t\t\t\t\t\treturn false; \r\n\t\t\t\t\t\t}); \r\n\t\r\n\t\r\n\t\t\t\t\t\tfunction showResponse(responseText, statusText, xhr, $form) {\r\n\t\t\t\t\t\t\tstr = responseText;\r\n\t\t\t\t\t\t\t\/\/replace first occurence \r\n\t\t\t\t\t\t\tstr = str.replace(\"successmsg_\", \" \"); \r\n\t\t\t\t\t\t\t\/\/ append response\r\n\t\r\n\t\t\t\t\t\t\tjQuery(\"#frontend_form_messages_1\").text(\" \");\r\n\t\t\t\t\t\t\tjQuery(\"#frontend_form_messages_1\").append(str);\r\n\t\t\t\t\t\t\tsetTimeout(function(){ \r\n\t\t\t\t\t\t\t\t\/\/jQuery(\"#frontend_form_messages_1 .success_message1\").fadeout(); \r\n\t\t\t\t\t\t\t\tjQuery(\"#frontend_form_messages_1 .success_message\").fadeOut();\r\n\t\t\t\t\t\t\t}, 5000);\r\n\t\r\n\t\t\t\t\t\t\t\/\/\tresponseText  , updates the div in target specified in options\r\n\t\t\t\t\t\t\tjQuery(\"#loader-icon-1\").hide();\r\n\t\r\n\t\t\t\t\t\t\tvar matched = responseText.search('successmsg_');\r\n\t\t\t\t\t\t\tif(matched != -1) {\r\n\t\r\n\t\t\t\t\t\t\t\tvar formId = \"1\";\r\n\t\t\t\t\t\t\t\t\r\n\t\r\n\t\t\t\t\t\t\t\tsetTimeout(function(){\r\n\t\t\t\t\t\t\t\t\t\t jQuery('#wpdevart-forms-1')[0].reset(); \r\n\t\t\t\t\t\t\t\t\t\t jQuery(\"#wpdevart-forms-\"+formId).each(function() {\r\n\t\t\t\t\t\t\t\t\t\t\t\r\n\t\t\t\t\t\t\t\t\t\t\t\r\n\t\t\t\t\t\t\t\t\t\t});\r\n\t\t\t\t\t\t\t\t },100);\r\n\t\t\t\t\t\t\t }\r\n\t\r\n\t\t\t\t\t\treturn false;\r\n\t\r\n\t\t\t\t\t\t}\r\n\t\t\t\t\t\tfunction showRequest() {\r\n\t\t\t\t\t\t\treturn false;\r\n\t\t\t\t\t\t}\r\n\t\r\n\t\t\t\t\t\tjQuery(document).on(\"click\",\"[type=reset].ws-reset-form\",function(e){\r\n\t\t\t\t\t\t\tformId= jQuery(this).attr('data-attr');\r\n\t\t\t\t\t\t\t\/\/reset\r\n\t\t\t\t\t\t\tjQuery(\"#wpdevart-forms-\"+formId).each(function(){\r\n\t\t\t\t\t\t\t\t\r\n\t\t\t\t\t\t\t\t\t\r\n\t\t\t\t\t\t\t\t\tjQuery(\"#wpdevart-forms-\"+formId)[0].reset();\r\n\t\t\t\t\t\t\t\t});\r\n\t\r\n\t\t\t\t\t\t\treturn false;\r\n\t\r\n\t\t\t\t\t\t});\r\n\t\t\t\t\t});\r\n\t\r\n\t\t\t\t\t<\/script>","protected":false},"excerpt":{"rendered":"","protected":false},"author":1,"featured_media":0,"parent":0,"menu_order":0,"comment_status":"closed","ping_status":"closed","template":"template-contact.php","meta":{"footnotes":""},"class_list":["post-25","page","type-page","status-publish","hentry"],"yoast_head":"<!-- This site is optimized with the Yoast SEO plugin v26.7 - https:\/\/yoast.com\/wordpress\/plugins\/seo\/ -->\n<title>Szybkie randki KONTAKT - napisz do Nas - speed dating<\/title>\n<meta name=\"description\" content=\"Masz pytania o szybkie randki i speed dating? Skontaktuj si\u0119 z nami ju\u017c dzi\u015b i dowiedz si\u0119, jak wzi\u0105\u0107 udzia\u0142 w imprezie dla singli!\" \/>\n<meta name=\"robots\" content=\"index, follow, max-snippet:-1, max-image-preview:large, max-video-preview:-1\" \/>\n<link rel=\"canonical\" href=\"https:\/\/svatka.pl\/en\/kontakt\/\" \/>\n<meta property=\"og:locale\" content=\"en_US\" \/>\n<meta property=\"og:type\" content=\"article\" \/>\n<meta property=\"og:title\" content=\"Szybkie randki KONTAKT - napisz do Nas - speed dating\" \/>\n<meta property=\"og:description\" content=\"Masz pytania o szybkie randki i speed dating? Skontaktuj si\u0119 z nami ju\u017c dzi\u015b i dowiedz si\u0119, jak wzi\u0105\u0107 udzia\u0142 w imprezie dla singli!\" \/>\n<meta property=\"og:url\" content=\"https:\/\/svatka.pl\/en\/kontakt\/\" \/>\n<meta property=\"og:site_name\" content=\"Svatka.pl\" \/>\n<meta property=\"article:publisher\" content=\"https:\/\/www.facebook.com\/svatka.speeddates\/\" \/>\n<meta property=\"article:modified_time\" content=\"2026-03-25T13:17:57+00:00\" \/>\n<meta name=\"twitter:card\" content=\"summary_large_image\" \/>\n<meta name=\"twitter:label1\" content=\"Est. reading time\" \/>\n\t<meta name=\"twitter:data1\" content=\"1 minute\" \/>\n<script type=\"application\/ld+json\" class=\"yoast-schema-graph\">{\"@context\":\"https:\/\/schema.org\",\"@graph\":[{\"@type\":\"WebPage\",\"@id\":\"https:\/\/svatka.pl\/kontakt\/\",\"url\":\"https:\/\/svatka.pl\/kontakt\/\",\"name\":\"Szybkie randki KONTAKT - napisz do Nas - speed dating\",\"isPartOf\":{\"@id\":\"https:\/\/svatka.pl\/#website\"},\"datePublished\":\"2016-11-28T20:21:46+00:00\",\"dateModified\":\"2026-03-25T13:17:57+00:00\",\"description\":\"Masz pytania o szybkie randki i speed dating? Skontaktuj si\u0119 z nami ju\u017c dzi\u015b i dowiedz si\u0119, jak wzi\u0105\u0107 udzia\u0142 w imprezie dla singli!\",\"breadcrumb\":{\"@id\":\"https:\/\/svatka.pl\/kontakt\/#breadcrumb\"},\"inLanguage\":\"en-US\",\"potentialAction\":[{\"@type\":\"ReadAction\",\"target\":[\"https:\/\/svatka.pl\/kontakt\/\"]}]},{\"@type\":\"BreadcrumbList\",\"@id\":\"https:\/\/svatka.pl\/kontakt\/#breadcrumb\",\"itemListElement\":[{\"@type\":\"ListItem\",\"position\":1,\"name\":\"Strona g\u0142\u00f3wna\",\"item\":\"https:\/\/svatka.pl\/\"},{\"@type\":\"ListItem\",\"position\":2,\"name\":\"Kontakt\"}]},{\"@type\":\"WebSite\",\"@id\":\"https:\/\/svatka.pl\/#website\",\"url\":\"https:\/\/svatka.pl\/\",\"name\":\"Svatka.pl\",\"description\":\"speed dating\",\"publisher\":{\"@id\":\"https:\/\/svatka.pl\/#organization\"},\"potentialAction\":[{\"@type\":\"SearchAction\",\"target\":{\"@type\":\"EntryPoint\",\"urlTemplate\":\"https:\/\/svatka.pl\/?s={search_term_string}\"},\"query-input\":{\"@type\":\"PropertyValueSpecification\",\"valueRequired\":true,\"valueName\":\"search_term_string\"}}],\"inLanguage\":\"en-US\"},{\"@type\":\"Organization\",\"@id\":\"https:\/\/svatka.pl\/#organization\",\"name\":\"Svatka.pl\",\"url\":\"https:\/\/svatka.pl\/\",\"logo\":{\"@type\":\"ImageObject\",\"inLanguage\":\"en-US\",\"@id\":\"https:\/\/svatka.pl\/#\/schema\/logo\/image\/\",\"url\":\"https:\/\/svatka.pl\/wp-content\/uploads\/2016\/12\/logo_square_50px_white_bckg-2.png\",\"contentUrl\":\"https:\/\/svatka.pl\/wp-content\/uploads\/2016\/12\/logo_square_50px_white_bckg-2.png\",\"width\":40,\"height\":40,\"caption\":\"Svatka.pl\"},\"image\":{\"@id\":\"https:\/\/svatka.pl\/#\/schema\/logo\/image\/\"},\"sameAs\":[\"https:\/\/www.facebook.com\/svatka.speeddates\/\",\"https:\/\/www.instagram.com\/svatka.pl\/\",\"https:\/\/www.youtube.com\/watch?v=b3Iiupu2pfg\"]}]}<\/script>\n<!-- \/ Yoast SEO plugin. -->","yoast_head_json":{"title":"Szybkie randki KONTAKT - napisz do Nas - speed dating","description":"Masz pytania o szybkie randki i speed dating? Skontaktuj si\u0119 z nami ju\u017c dzi\u015b i dowiedz si\u0119, jak wzi\u0105\u0107 udzia\u0142 w imprezie dla singli!","robots":{"index":"index","follow":"follow","max-snippet":"max-snippet:-1","max-image-preview":"max-image-preview:large","max-video-preview":"max-video-preview:-1"},"canonical":"https:\/\/svatka.pl\/en\/kontakt\/","og_locale":"en_US","og_type":"article","og_title":"Szybkie randki KONTAKT - napisz do Nas - speed dating","og_description":"Masz pytania o szybkie randki i speed dating? Skontaktuj si\u0119 z nami ju\u017c dzi\u015b i dowiedz si\u0119, jak wzi\u0105\u0107 udzia\u0142 w imprezie dla singli!","og_url":"https:\/\/svatka.pl\/en\/kontakt\/","og_site_name":"Svatka.pl","article_publisher":"https:\/\/www.facebook.com\/svatka.speeddates\/","article_modified_time":"2026-03-25T13:17:57+00:00","twitter_card":"summary_large_image","twitter_misc":{"Est. reading time":"1 minute"},"schema":{"@context":"https:\/\/schema.org","@graph":[{"@type":"WebPage","@id":"https:\/\/svatka.pl\/kontakt\/","url":"https:\/\/svatka.pl\/kontakt\/","name":"Szybkie randki KONTAKT - napisz do Nas - speed dating","isPartOf":{"@id":"https:\/\/svatka.pl\/#website"},"datePublished":"2016-11-28T20:21:46+00:00","dateModified":"2026-03-25T13:17:57+00:00","description":"Masz pytania o szybkie randki i speed dating? Skontaktuj si\u0119 z nami ju\u017c dzi\u015b i dowiedz si\u0119, jak wzi\u0105\u0107 udzia\u0142 w imprezie dla singli!","breadcrumb":{"@id":"https:\/\/svatka.pl\/kontakt\/#breadcrumb"},"inLanguage":"en-US","potentialAction":[{"@type":"ReadAction","target":["https:\/\/svatka.pl\/kontakt\/"]}]},{"@type":"BreadcrumbList","@id":"https:\/\/svatka.pl\/kontakt\/#breadcrumb","itemListElement":[{"@type":"ListItem","position":1,"name":"Strona g\u0142\u00f3wna","item":"https:\/\/svatka.pl\/"},{"@type":"ListItem","position":2,"name":"Kontakt"}]},{"@type":"WebSite","@id":"https:\/\/svatka.pl\/#website","url":"https:\/\/svatka.pl\/","name":"Svatka.pl","description":"speed dating","publisher":{"@id":"https:\/\/svatka.pl\/#organization"},"potentialAction":[{"@type":"SearchAction","target":{"@type":"EntryPoint","urlTemplate":"https:\/\/svatka.pl\/?s={search_term_string}"},"query-input":{"@type":"PropertyValueSpecification","valueRequired":true,"valueName":"search_term_string"}}],"inLanguage":"en-US"},{"@type":"Organization","@id":"https:\/\/svatka.pl\/#organization","name":"Svatka.pl","url":"https:\/\/svatka.pl\/","logo":{"@type":"ImageObject","inLanguage":"en-US","@id":"https:\/\/svatka.pl\/#\/schema\/logo\/image\/","url":"https:\/\/svatka.pl\/wp-content\/uploads\/2016\/12\/logo_square_50px_white_bckg-2.png","contentUrl":"https:\/\/svatka.pl\/wp-content\/uploads\/2016\/12\/logo_square_50px_white_bckg-2.png","width":40,"height":40,"caption":"Svatka.pl"},"image":{"@id":"https:\/\/svatka.pl\/#\/schema\/logo\/image\/"},"sameAs":["https:\/\/www.facebook.com\/svatka.speeddates\/","https:\/\/www.instagram.com\/svatka.pl\/","https:\/\/www.youtube.com\/watch?v=b3Iiupu2pfg"]}]}},"_links":{"self":[{"href":"https:\/\/svatka.pl\/en\/wp-json\/wp\/v2\/pages\/25","targetHints":{"allow":["GET"]}}],"collection":[{"href":"https:\/\/svatka.pl\/en\/wp-json\/wp\/v2\/pages"}],"about":[{"href":"https:\/\/svatka.pl\/en\/wp-json\/wp\/v2\/types\/page"}],"author":[{"embeddable":true,"href":"https:\/\/svatka.pl\/en\/wp-json\/wp\/v2\/users\/1"}],"replies":[{"embeddable":true,"href":"https:\/\/svatka.pl\/en\/wp-json\/wp\/v2\/comments?post=25"}],"version-history":[{"count":1,"href":"https:\/\/svatka.pl\/en\/wp-json\/wp\/v2\/pages\/25\/revisions"}],"predecessor-version":[{"id":76001,"href":"https:\/\/svatka.pl\/en\/wp-json\/wp\/v2\/pages\/25\/revisions\/76001"}],"wp:attachment":[{"href":"https:\/\/svatka.pl\/en\/wp-json\/wp\/v2\/media?parent=25"}],"curies":[{"name":"wp","href":"https:\/\/api.w.org\/{rel}","templated":true}]}}