

{"id":23,"date":"2016-11-28T21:20:10","date_gmt":"2016-11-28T20:20:10","guid":{"rendered":"http:\/\/svatka.pl\/?page_id=23"},"modified":"2026-03-25T14:21:46","modified_gmt":"2026-03-25T13:21:46","slug":"oferta-szybkie-randki-dla-singli","status":"publish","type":"page","link":"https:\/\/svatka.pl\/en\/oferta-szybkie-randki-dla-singli\/","title":{"rendered":"Our offer"},"content":{"rendered":"<h3 style=\"text-align: center;\"><strong>WYDARZENIA DLA SINGLI<\/strong><\/h3>\n<p style=\"text-align: center;\">Zastanawiasz si\u0119 jak pozna\u0107 kogo\u015b bez aplikacji randkowych? Gdzie pozna\u0107 ludzi po 30-stce? 40-stce?<\/p>\n<h4 style=\"text-align: center;\"><em><strong>Nasze spotkania dostosowane s\u0105 do indywidualnych potrzeb uczestnik\u00f3w.<br \/>\n<\/strong><\/em><\/h4>\n<h4 style=\"text-align: center;\"><em><strong>Jeste\u015bmy elastyczni i otwarci na Wasze sugestie. <\/strong><\/em><\/h4>\n<h4 style=\"text-align: center;\"><em><strong>Masz pomys\u0142? Napisz do Nas na <a href=\"mailto:kontakt@svatka.pl\">kontakt@svatka.pl<\/a><\/strong><\/em><\/h4>\n<p><strong><u>Organizujemy randki OFFLINE w grupach wiekowych:<\/u><\/strong><\/p>\n<ul>\n<li>szybkie randki dla student\u00f3w 19-25<\/li>\n<li>szybkie randki 20+<\/li>\n<li>szybkie randki 30+<\/li>\n<li>szybkie randki 40+<\/li>\n<\/ul>\n<p><strong><u>Randki tematyczne:<\/u><\/strong><\/p>\n<ul>\n<li>Randki dla podr\u00f3\u017cnik\u00f3w<\/li>\n<li>Randki dla aktywnych<\/li>\n<li>Randki dla kinomaniak\u00f3w<\/li>\n<li>Randki dla zapracowanych<\/li>\n<li>Randki chrze\u015bcija\u0144skie &#8211; spotkania dla chrze\u015bcija\u0144skich Singli<\/li>\n<li>Randki dla NIEpal\u0105cych<\/li>\n<li>Randki dla wysokich<\/li>\n<li>Randki kulinarne<\/li>\n<li>VEGE randki<\/li>\n<li>Randki ekskluzywne<\/li>\n<li>Speed Dates in English language<\/li>\n<li>szybkie randki dla os\u00f3b z wy\u017cszym wykszta\u0142ceniem<\/li>\n<\/ul>\n<p>i inne.<\/p>\n<p><strong>Imprezy dla singli?<\/strong> <strong>Randki na \u017cywo?<\/strong> Czemu nie! Pozw\u00f3l, by <span style=\"color: #ff0000;\">SWATKA<\/span> wzi\u0119\u0142a sprawy w swoje r\u0119ce!<\/p>\n<hr \/>\n<p>S\u0105dzisz, \u017ce pr\u00f3bowa\u0142e\u015b ju\u017c wszystkiego, mimo tego u Twojego boku wci\u0105\u017c nie ma Tej Jedynej Osoby? A mo\u017ce do poszukiwa\u0144 zniech\u0119ca Ci\u0119 fakt, \u017ce masz wyj\u0105tkowe zainteresowania i nie wiesz, gdzie szuka\u0107 osoby, kt\u00f3ra je podziela?<strong> Imprezy dla singli<\/strong> to co\u015b dla Ciebie! Przygotowali\u015bmy ofert\u0119 spotka\u0144, na kt\u00f3rych nowoczesna swatka zapozna Ci\u0119 z kandydatkami lub kandydatami na partnera. Podczas kr\u00f3tkich rozm\u00f3w sprawdzisz, czy jedna z os\u00f3b poruszy Twoje serce. <strong>Imprezy speed dating<\/strong> s\u0105 doskona\u0142ym sposobem, by szybko si\u0119 przekona\u0107, czy rozm\u00f3wca ma w sobie\u00a0&#8222;to co\u015b&#8221;.<\/p>\n<hr \/>\n<p>Wed\u0142ug nas <strong>imprezy speed dating<\/strong> s\u0105 znacz\u0105co lepsze od randkowania przez internet lub w aplikacjach randkowych. Podczas rozm\u00f3w w cztery oczy ocenisz nie tylko to, co Twoja potencjalna druga po\u0142\u00f3wka m\u00f3wi, ale tak\u017ce jak si\u0119 zachowuje, jak pachnie, jaki ma ton g\u0142osu. Nowoczesna swatka doskonale wie, \u017ce cho\u0107 charakter jest bardzo wa\u017cny, aparycja tak\u017ce gra znacz\u0105c\u0105 rol\u0119. Imprezy dla singli pozwol\u0105 Ci oceni\u0107, kto mo\u017ce zosta\u0107 Twoim najlepszym przyjacielem, lecz tylko przyjacielem, a kto poruszy\u0142 w Tobie wra\u017cliw\u0105 strun\u0119 i wyzwoli\u0142 mi\u0142e uczucie, kt\u00f3rego nie czu\u0142e\u015b od dawna lub nigdy.<\/p>\n<hr \/>\n<p>Swatka ma pomys\u0142,<strong> jak radzi\u0107 sobie z samotno\u015bci\u0105<\/strong>. Organizowane przez nas imprezy dla singli to spotkania dla kilkunastu, a nawet kilkudziesi\u0119ciu os\u00f3b maj\u0105cych te same idea\u0142y lub zainteresowania (oferujemy imprezy speed dating dla wegan, chrze\u015bcijan, podr\u00f3\u017cnik\u00f3w, a tak\u017ce podzielone na grupy wiekowe). Je\u017celi zastanawiasz si\u0119 <strong>gdzie pozna\u0107 Singli w Warszawie<\/strong>, Poznaniu, Gda\u0144sku, Krakowie, Wroc\u0142awiu to wpadnij na nasze wydarzenia dla Singli &#8211; ch\u0119tnie poka\u017cemy Ci <strong>jak prze\u0142ama\u0107 nie\u015bmia\u0142o\u015b\u0107 w randkowaniu<\/strong>. Dbamy o lu\u017an\u0105 i naturaln\u0105 atmosfer\u0119, spotykaj\u0105c si\u0119 w kawiarni, restauracji lub barze. Imprezy speed dating obejmuj\u0105 od 10 do 15 randek, z kt\u00f3rych ka\u017cda trwa po kilka minut (5-7 min.). Twoje zadanie to rozmawianie, \u017cartowanie, flirtowanie, zrobienie dobrego pierwszego wra\u017cenia.<\/p>\n<p>Je\u017celi \u017cycie singla w du\u017cym mie\u015bcie Ci\u0119 przyt\u0142acza i wci\u0105\u017c zastanawiasz si\u0119 gdzie pozna\u0107 dziewczyn\u0119 lub ch\u0142opaka to <strong>zapisz si\u0119 na imprezy dla singli i daj sobie skra\u015b\u0107 serce!<\/strong><\/p>","protected":false},"excerpt":{"rendered":"<p>WYDARZENIA DLA SINGLI Zastanawiasz si\u0119 jak pozna\u0107 kogo\u015b bez aplikacji randkowych? Gdzie pozna\u0107 ludzi po 30-stce? 40-stce? Nasze spotkania dostosowane s\u0105 do indywidualnych potrzeb uczestnik\u00f3w. Jeste\u015bmy elastyczni i otwarci na [&hellip;]<\/p>","protected":false},"author":1,"featured_media":0,"parent":0,"menu_order":0,"comment_status":"closed","ping_status":"closed","template":"","meta":{"footnotes":""},"class_list":["post-23","page","type-page","status-publish","hentry"],"yoast_head":"<!-- This site is optimized with the Yoast SEO plugin v26.7 - https:\/\/yoast.com\/wordpress\/plugins\/seo\/ -->\n<title>Gdzie pozna\u0107 Singli - oferta speed dating<\/title>\n<meta name=\"description\" content=\"Szukasz miejsca, gdzie pozna\u0107 Singli? Sprawd\u017a ofert\u0119 speed dating \u2013 szybkie randki, realne spotkania i nowe znajomo\u015bci w Twoim mie\u015bcie!\" \/>\n<meta name=\"robots\" content=\"index, follow, max-snippet:-1, max-image-preview:large, max-video-preview:-1\" \/>\n<link rel=\"canonical\" href=\"https:\/\/svatka.pl\/en\/oferta-szybkie-randki-dla-singli\/\" \/>\n<meta property=\"og:locale\" content=\"en_US\" \/>\n<meta property=\"og:type\" content=\"article\" \/>\n<meta property=\"og:title\" content=\"Gdzie pozna\u0107 Singli - oferta speed dating\" \/>\n<meta property=\"og:description\" content=\"Szukasz miejsca, gdzie pozna\u0107 Singli? Sprawd\u017a ofert\u0119 speed dating \u2013 szybkie randki, realne spotkania i nowe znajomo\u015bci w Twoim mie\u015bcie!\" \/>\n<meta property=\"og:url\" content=\"https:\/\/svatka.pl\/en\/oferta-szybkie-randki-dla-singli\/\" \/>\n<meta property=\"og:site_name\" content=\"Svatka.pl\" \/>\n<meta property=\"article:publisher\" content=\"https:\/\/www.facebook.com\/svatka.speeddates\/\" \/>\n<meta property=\"article:modified_time\" content=\"2026-03-25T13:21:46+00:00\" \/>\n<meta name=\"twitter:card\" content=\"summary_large_image\" \/>\n<meta name=\"twitter:label1\" content=\"Est. reading time\" \/>\n\t<meta name=\"twitter:data1\" content=\"3 minutes\" \/>\n<script type=\"application\/ld+json\" class=\"yoast-schema-graph\">{\"@context\":\"https:\/\/schema.org\",\"@graph\":[{\"@type\":\"WebPage\",\"@id\":\"https:\/\/svatka.pl\/oferta-szybkie-randki-dla-singli\/\",\"url\":\"https:\/\/svatka.pl\/oferta-szybkie-randki-dla-singli\/\",\"name\":\"Gdzie pozna\u0107 Singli - oferta speed dating\",\"isPartOf\":{\"@id\":\"https:\/\/svatka.pl\/#website\"},\"datePublished\":\"2016-11-28T20:20:10+00:00\",\"dateModified\":\"2026-03-25T13:21:46+00:00\",\"description\":\"Szukasz miejsca, gdzie pozna\u0107 Singli? Sprawd\u017a ofert\u0119 speed dating \u2013 szybkie randki, realne spotkania i nowe znajomo\u015bci w Twoim mie\u015bcie!\",\"breadcrumb\":{\"@id\":\"https:\/\/svatka.pl\/oferta-szybkie-randki-dla-singli\/#breadcrumb\"},\"inLanguage\":\"en-US\",\"potentialAction\":[{\"@type\":\"ReadAction\",\"target\":[\"https:\/\/svatka.pl\/oferta-szybkie-randki-dla-singli\/\"]}]},{\"@type\":\"BreadcrumbList\",\"@id\":\"https:\/\/svatka.pl\/oferta-szybkie-randki-dla-singli\/#breadcrumb\",\"itemListElement\":[{\"@type\":\"ListItem\",\"position\":1,\"name\":\"Strona g\u0142\u00f3wna\",\"item\":\"https:\/\/svatka.pl\/\"},{\"@type\":\"ListItem\",\"position\":2,\"name\":\"Oferta\"}]},{\"@type\":\"WebSite\",\"@id\":\"https:\/\/svatka.pl\/#website\",\"url\":\"https:\/\/svatka.pl\/\",\"name\":\"Svatka.pl\",\"description\":\"speed dating\",\"publisher\":{\"@id\":\"https:\/\/svatka.pl\/#organization\"},\"potentialAction\":[{\"@type\":\"SearchAction\",\"target\":{\"@type\":\"EntryPoint\",\"urlTemplate\":\"https:\/\/svatka.pl\/?s={search_term_string}\"},\"query-input\":{\"@type\":\"PropertyValueSpecification\",\"valueRequired\":true,\"valueName\":\"search_term_string\"}}],\"inLanguage\":\"en-US\"},{\"@type\":\"Organization\",\"@id\":\"https:\/\/svatka.pl\/#organization\",\"name\":\"Svatka.pl\",\"url\":\"https:\/\/svatka.pl\/\",\"logo\":{\"@type\":\"ImageObject\",\"inLanguage\":\"en-US\",\"@id\":\"https:\/\/svatka.pl\/#\/schema\/logo\/image\/\",\"url\":\"https:\/\/svatka.pl\/wp-content\/uploads\/2016\/12\/logo_square_50px_white_bckg-2.png\",\"contentUrl\":\"https:\/\/svatka.pl\/wp-content\/uploads\/2016\/12\/logo_square_50px_white_bckg-2.png\",\"width\":40,\"height\":40,\"caption\":\"Svatka.pl\"},\"image\":{\"@id\":\"https:\/\/svatka.pl\/#\/schema\/logo\/image\/\"},\"sameAs\":[\"https:\/\/www.facebook.com\/svatka.speeddates\/\",\"https:\/\/www.instagram.com\/svatka.pl\/\",\"https:\/\/www.youtube.com\/watch?v=b3Iiupu2pfg\"]}]}<\/script>\n<!-- \/ Yoast SEO plugin. -->","yoast_head_json":{"title":"Gdzie pozna\u0107 Singli - oferta speed dating","description":"Szukasz miejsca, gdzie pozna\u0107 Singli? Sprawd\u017a ofert\u0119 speed dating \u2013 szybkie randki, realne spotkania i nowe znajomo\u015bci w Twoim mie\u015bcie!","robots":{"index":"index","follow":"follow","max-snippet":"max-snippet:-1","max-image-preview":"max-image-preview:large","max-video-preview":"max-video-preview:-1"},"canonical":"https:\/\/svatka.pl\/en\/oferta-szybkie-randki-dla-singli\/","og_locale":"en_US","og_type":"article","og_title":"Gdzie pozna\u0107 Singli - oferta speed dating","og_description":"Szukasz miejsca, gdzie pozna\u0107 Singli? Sprawd\u017a ofert\u0119 speed dating \u2013 szybkie randki, realne spotkania i nowe znajomo\u015bci w Twoim mie\u015bcie!","og_url":"https:\/\/svatka.pl\/en\/oferta-szybkie-randki-dla-singli\/","og_site_name":"Svatka.pl","article_publisher":"https:\/\/www.facebook.com\/svatka.speeddates\/","article_modified_time":"2026-03-25T13:21:46+00:00","twitter_card":"summary_large_image","twitter_misc":{"Est. reading time":"3 minutes"},"schema":{"@context":"https:\/\/schema.org","@graph":[{"@type":"WebPage","@id":"https:\/\/svatka.pl\/oferta-szybkie-randki-dla-singli\/","url":"https:\/\/svatka.pl\/oferta-szybkie-randki-dla-singli\/","name":"Gdzie pozna\u0107 Singli - oferta speed dating","isPartOf":{"@id":"https:\/\/svatka.pl\/#website"},"datePublished":"2016-11-28T20:20:10+00:00","dateModified":"2026-03-25T13:21:46+00:00","description":"Szukasz miejsca, gdzie pozna\u0107 Singli? Sprawd\u017a ofert\u0119 speed dating \u2013 szybkie randki, realne spotkania i nowe znajomo\u015bci w Twoim mie\u015bcie!","breadcrumb":{"@id":"https:\/\/svatka.pl\/oferta-szybkie-randki-dla-singli\/#breadcrumb"},"inLanguage":"en-US","potentialAction":[{"@type":"ReadAction","target":["https:\/\/svatka.pl\/oferta-szybkie-randki-dla-singli\/"]}]},{"@type":"BreadcrumbList","@id":"https:\/\/svatka.pl\/oferta-szybkie-randki-dla-singli\/#breadcrumb","itemListElement":[{"@type":"ListItem","position":1,"name":"Strona g\u0142\u00f3wna","item":"https:\/\/svatka.pl\/"},{"@type":"ListItem","position":2,"name":"Oferta"}]},{"@type":"WebSite","@id":"https:\/\/svatka.pl\/#website","url":"https:\/\/svatka.pl\/","name":"Svatka.pl","description":"speed dating","publisher":{"@id":"https:\/\/svatka.pl\/#organization"},"potentialAction":[{"@type":"SearchAction","target":{"@type":"EntryPoint","urlTemplate":"https:\/\/svatka.pl\/?s={search_term_string}"},"query-input":{"@type":"PropertyValueSpecification","valueRequired":true,"valueName":"search_term_string"}}],"inLanguage":"en-US"},{"@type":"Organization","@id":"https:\/\/svatka.pl\/#organization","name":"Svatka.pl","url":"https:\/\/svatka.pl\/","logo":{"@type":"ImageObject","inLanguage":"en-US","@id":"https:\/\/svatka.pl\/#\/schema\/logo\/image\/","url":"https:\/\/svatka.pl\/wp-content\/uploads\/2016\/12\/logo_square_50px_white_bckg-2.png","contentUrl":"https:\/\/svatka.pl\/wp-content\/uploads\/2016\/12\/logo_square_50px_white_bckg-2.png","width":40,"height":40,"caption":"Svatka.pl"},"image":{"@id":"https:\/\/svatka.pl\/#\/schema\/logo\/image\/"},"sameAs":["https:\/\/www.facebook.com\/svatka.speeddates\/","https:\/\/www.instagram.com\/svatka.pl\/","https:\/\/www.youtube.com\/watch?v=b3Iiupu2pfg"]}]}},"_links":{"self":[{"href":"https:\/\/svatka.pl\/en\/wp-json\/wp\/v2\/pages\/23","targetHints":{"allow":["GET"]}}],"collection":[{"href":"https:\/\/svatka.pl\/en\/wp-json\/wp\/v2\/pages"}],"about":[{"href":"https:\/\/svatka.pl\/en\/wp-json\/wp\/v2\/types\/page"}],"author":[{"embeddable":true,"href":"https:\/\/svatka.pl\/en\/wp-json\/wp\/v2\/users\/1"}],"replies":[{"embeddable":true,"href":"https:\/\/svatka.pl\/en\/wp-json\/wp\/v2\/comments?post=23"}],"version-history":[{"count":2,"href":"https:\/\/svatka.pl\/en\/wp-json\/wp\/v2\/pages\/23\/revisions"}],"predecessor-version":[{"id":76003,"href":"https:\/\/svatka.pl\/en\/wp-json\/wp\/v2\/pages\/23\/revisions\/76003"}],"wp:attachment":[{"href":"https:\/\/svatka.pl\/en\/wp-json\/wp\/v2\/media?parent=23"}],"curies":[{"name":"wp","href":"https:\/\/api.w.org\/{rel}","templated":true}]}}