

{"id":18773,"date":"2019-08-10T12:38:54","date_gmt":"2019-08-10T10:38:54","guid":{"rendered":"https:\/\/svatka.pl\/?page_id=18773"},"modified":"2026-03-25T11:08:35","modified_gmt":"2026-03-25T10:08:35","slug":"blog","status":"publish","type":"page","link":"https:\/\/svatka.pl\/en\/blog\/","title":{"rendered":"BLOG"},"content":{"rendered":"<p>Dowiedz si\u0119 czym s\u0105 <strong>szybkie randki<\/strong> &#8211; <strong>speed dating<\/strong>? Gdzie organizujemy i jak wygl\u0105daj\u0105 <strong>Spotkania dla Singli<\/strong>? Jak szuka\u0107 by znale\u017a\u0107 idealnego partnera? Czego nie robi\u0107 na pierwszej randce? U Nas znajdziesz co\u015b dla siebie. W swojej ofercie posiadamy <strong>szybkie randki tematyczne<\/strong> np. chrze\u015bcija\u0144ski speed dating dla katolik\u00f3w, szybkie randki dla podr\u00f3\u017cnik\u00f3w, speed dates dla os\u00f3b z wy\u017cszym wykszta\u0142ceniembi wiele wi\u0119cej! <\/p>\n\n\n<div class=\"wp-block-image\">\n<figure class=\"aligncenter\"><img loading=\"lazy\" decoding=\"async\" width=\"300\" height=\"300\" src=\"https:\/\/svatka.pl\/wp-content\/uploads\/2016\/12\/logo_square_50px_white_bckg.png\" alt=\"\" class=\"wp-image-317\" srcset=\"https:\/\/svatka.pl\/wp-content\/uploads\/2016\/12\/logo_square_50px_white_bckg.png 300w, https:\/\/svatka.pl\/wp-content\/uploads\/2016\/12\/logo_square_50px_white_bckg-100x100.png 100w, https:\/\/svatka.pl\/wp-content\/uploads\/2016\/12\/logo_square_50px_white_bckg-150x150.png 150w\" sizes=\"auto, (max-width: 300px) 100vw, 300px\" \/><\/figure>\n<\/div>","protected":false},"excerpt":{"rendered":"<p>Dowiedz si\u0119 czym s\u0105 szybkie randki &#8211; speed dating? Gdzie organizujemy i jak wygl\u0105daj\u0105 Spotkania dla Singli? Jak szuka\u0107 by znale\u017a\u0107 idealnego partnera? Czego nie robi\u0107 na pierwszej randce? U [&hellip;]<\/p>","protected":false},"author":2,"featured_media":0,"parent":0,"menu_order":0,"comment_status":"closed","ping_status":"closed","template":"template-blog.php","meta":{"footnotes":""},"class_list":["post-18773","page","type-page","status-publish","hentry"],"yoast_head":"<!-- This site is optimized with the Yoast SEO plugin v26.7 - https:\/\/yoast.com\/wordpress\/plugins\/seo\/ -->\n<title>Swatka Svatka Speed dating Szybkie randki Speed dates dla Singli<\/title>\n<meta name=\"description\" content=\"Czy warto i\u015b\u0107 na szybkie randki? Czym jest speed dating? Jak wygl\u0105daj\u0105 spotkania dla Singli? Speed dates to najszybszy spos\u00f3b na znalezienie mi\u0142o\u015bci.\" \/>\n<meta name=\"robots\" content=\"index, follow, max-snippet:-1, max-image-preview:large, max-video-preview:-1\" \/>\n<link rel=\"canonical\" href=\"https:\/\/svatka.pl\/en\/blog\/\" \/>\n<meta property=\"og:locale\" content=\"en_US\" \/>\n<meta property=\"og:type\" content=\"article\" \/>\n<meta property=\"og:title\" content=\"Swatka Svatka Speed dating Szybkie randki Speed dates dla Singli\" \/>\n<meta property=\"og:description\" content=\"Czy warto i\u015b\u0107 na szybkie randki? Czym jest speed dating? Jak wygl\u0105daj\u0105 spotkania dla Singli? Speed dates to najszybszy spos\u00f3b na znalezienie mi\u0142o\u015bci.\" \/>\n<meta property=\"og:url\" content=\"https:\/\/svatka.pl\/en\/blog\/\" \/>\n<meta property=\"og:site_name\" content=\"Svatka.pl\" \/>\n<meta property=\"article:publisher\" content=\"https:\/\/www.facebook.com\/svatka.speeddates\/\" \/>\n<meta property=\"article:modified_time\" content=\"2026-03-25T10:08:35+00:00\" \/>\n<meta property=\"og:image\" content=\"https:\/\/svatka.pl\/wp-content\/uploads\/2016\/12\/logo_square_50px_white_bckg.png\" \/>\n\t<meta property=\"og:image:width\" content=\"300\" \/>\n\t<meta property=\"og:image:height\" content=\"300\" \/>\n\t<meta property=\"og:image:type\" content=\"image\/png\" \/>\n<meta name=\"twitter:card\" content=\"summary_large_image\" \/>\n<meta name=\"twitter:label1\" content=\"Est. reading time\" \/>\n\t<meta name=\"twitter:data1\" content=\"1 minute\" \/>\n<script type=\"application\/ld+json\" class=\"yoast-schema-graph\">{\"@context\":\"https:\/\/schema.org\",\"@graph\":[{\"@type\":\"WebPage\",\"@id\":\"https:\/\/svatka.pl\/blog\/\",\"url\":\"https:\/\/svatka.pl\/blog\/\",\"name\":\"Swatka Svatka Speed dating Szybkie randki Speed dates dla Singli\",\"isPartOf\":{\"@id\":\"https:\/\/svatka.pl\/#website\"},\"primaryImageOfPage\":{\"@id\":\"https:\/\/svatka.pl\/blog\/#primaryimage\"},\"image\":{\"@id\":\"https:\/\/svatka.pl\/blog\/#primaryimage\"},\"thumbnailUrl\":\"https:\/\/svatka.pl\/wp-content\/uploads\/2016\/12\/logo_square_50px_white_bckg.png\",\"datePublished\":\"2019-08-10T10:38:54+00:00\",\"dateModified\":\"2026-03-25T10:08:35+00:00\",\"description\":\"Czy warto i\u015b\u0107 na szybkie randki? Czym jest speed dating? Jak wygl\u0105daj\u0105 spotkania dla Singli? Speed dates to najszybszy spos\u00f3b na znalezienie mi\u0142o\u015bci.\",\"breadcrumb\":{\"@id\":\"https:\/\/svatka.pl\/blog\/#breadcrumb\"},\"inLanguage\":\"en-US\",\"potentialAction\":[{\"@type\":\"ReadAction\",\"target\":[\"https:\/\/svatka.pl\/blog\/\"]}]},{\"@type\":\"ImageObject\",\"inLanguage\":\"en-US\",\"@id\":\"https:\/\/svatka.pl\/blog\/#primaryimage\",\"url\":\"https:\/\/svatka.pl\/wp-content\/uploads\/2016\/12\/logo_square_50px_white_bckg.png\",\"contentUrl\":\"https:\/\/svatka.pl\/wp-content\/uploads\/2016\/12\/logo_square_50px_white_bckg.png\"},{\"@type\":\"BreadcrumbList\",\"@id\":\"https:\/\/svatka.pl\/blog\/#breadcrumb\",\"itemListElement\":[{\"@type\":\"ListItem\",\"position\":1,\"name\":\"Strona g\u0142\u00f3wna\",\"item\":\"https:\/\/svatka.pl\/\"},{\"@type\":\"ListItem\",\"position\":2,\"name\":\"BLOG\"}]},{\"@type\":\"WebSite\",\"@id\":\"https:\/\/svatka.pl\/#website\",\"url\":\"https:\/\/svatka.pl\/\",\"name\":\"Svatka.pl\",\"description\":\"speed dating\",\"publisher\":{\"@id\":\"https:\/\/svatka.pl\/#organization\"},\"potentialAction\":[{\"@type\":\"SearchAction\",\"target\":{\"@type\":\"EntryPoint\",\"urlTemplate\":\"https:\/\/svatka.pl\/?s={search_term_string}\"},\"query-input\":{\"@type\":\"PropertyValueSpecification\",\"valueRequired\":true,\"valueName\":\"search_term_string\"}}],\"inLanguage\":\"en-US\"},{\"@type\":\"Organization\",\"@id\":\"https:\/\/svatka.pl\/#organization\",\"name\":\"Svatka.pl\",\"url\":\"https:\/\/svatka.pl\/\",\"logo\":{\"@type\":\"ImageObject\",\"inLanguage\":\"en-US\",\"@id\":\"https:\/\/svatka.pl\/#\/schema\/logo\/image\/\",\"url\":\"https:\/\/svatka.pl\/wp-content\/uploads\/2016\/12\/logo_square_50px_white_bckg-2.png\",\"contentUrl\":\"https:\/\/svatka.pl\/wp-content\/uploads\/2016\/12\/logo_square_50px_white_bckg-2.png\",\"width\":40,\"height\":40,\"caption\":\"Svatka.pl\"},\"image\":{\"@id\":\"https:\/\/svatka.pl\/#\/schema\/logo\/image\/\"},\"sameAs\":[\"https:\/\/www.facebook.com\/svatka.speeddates\/\",\"https:\/\/www.instagram.com\/svatka.pl\/\",\"https:\/\/www.youtube.com\/watch?v=b3Iiupu2pfg\"]}]}<\/script>\n<!-- \/ Yoast SEO plugin. -->","yoast_head_json":{"title":"Swatka Svatka Speed dating Szybkie randki Speed dates dla Singli","description":"Czy warto i\u015b\u0107 na szybkie randki? Czym jest speed dating? Jak wygl\u0105daj\u0105 spotkania dla Singli? Speed dates to najszybszy spos\u00f3b na znalezienie mi\u0142o\u015bci.","robots":{"index":"index","follow":"follow","max-snippet":"max-snippet:-1","max-image-preview":"max-image-preview:large","max-video-preview":"max-video-preview:-1"},"canonical":"https:\/\/svatka.pl\/en\/blog\/","og_locale":"en_US","og_type":"article","og_title":"Swatka Svatka Speed dating Szybkie randki Speed dates dla Singli","og_description":"Czy warto i\u015b\u0107 na szybkie randki? Czym jest speed dating? Jak wygl\u0105daj\u0105 spotkania dla Singli? Speed dates to najszybszy spos\u00f3b na znalezienie mi\u0142o\u015bci.","og_url":"https:\/\/svatka.pl\/en\/blog\/","og_site_name":"Svatka.pl","article_publisher":"https:\/\/www.facebook.com\/svatka.speeddates\/","article_modified_time":"2026-03-25T10:08:35+00:00","og_image":[{"width":300,"height":300,"url":"https:\/\/svatka.pl\/wp-content\/uploads\/2016\/12\/logo_square_50px_white_bckg.png","type":"image\/png"}],"twitter_card":"summary_large_image","twitter_misc":{"Est. reading time":"1 minute"},"schema":{"@context":"https:\/\/schema.org","@graph":[{"@type":"WebPage","@id":"https:\/\/svatka.pl\/blog\/","url":"https:\/\/svatka.pl\/blog\/","name":"Swatka Svatka Speed dating Szybkie randki Speed dates dla Singli","isPartOf":{"@id":"https:\/\/svatka.pl\/#website"},"primaryImageOfPage":{"@id":"https:\/\/svatka.pl\/blog\/#primaryimage"},"image":{"@id":"https:\/\/svatka.pl\/blog\/#primaryimage"},"thumbnailUrl":"https:\/\/svatka.pl\/wp-content\/uploads\/2016\/12\/logo_square_50px_white_bckg.png","datePublished":"2019-08-10T10:38:54+00:00","dateModified":"2026-03-25T10:08:35+00:00","description":"Czy warto i\u015b\u0107 na szybkie randki? Czym jest speed dating? Jak wygl\u0105daj\u0105 spotkania dla Singli? Speed dates to najszybszy spos\u00f3b na znalezienie mi\u0142o\u015bci.","breadcrumb":{"@id":"https:\/\/svatka.pl\/blog\/#breadcrumb"},"inLanguage":"en-US","potentialAction":[{"@type":"ReadAction","target":["https:\/\/svatka.pl\/blog\/"]}]},{"@type":"ImageObject","inLanguage":"en-US","@id":"https:\/\/svatka.pl\/blog\/#primaryimage","url":"https:\/\/svatka.pl\/wp-content\/uploads\/2016\/12\/logo_square_50px_white_bckg.png","contentUrl":"https:\/\/svatka.pl\/wp-content\/uploads\/2016\/12\/logo_square_50px_white_bckg.png"},{"@type":"BreadcrumbList","@id":"https:\/\/svatka.pl\/blog\/#breadcrumb","itemListElement":[{"@type":"ListItem","position":1,"name":"Strona g\u0142\u00f3wna","item":"https:\/\/svatka.pl\/"},{"@type":"ListItem","position":2,"name":"BLOG"}]},{"@type":"WebSite","@id":"https:\/\/svatka.pl\/#website","url":"https:\/\/svatka.pl\/","name":"Svatka.pl","description":"speed dating","publisher":{"@id":"https:\/\/svatka.pl\/#organization"},"potentialAction":[{"@type":"SearchAction","target":{"@type":"EntryPoint","urlTemplate":"https:\/\/svatka.pl\/?s={search_term_string}"},"query-input":{"@type":"PropertyValueSpecification","valueRequired":true,"valueName":"search_term_string"}}],"inLanguage":"en-US"},{"@type":"Organization","@id":"https:\/\/svatka.pl\/#organization","name":"Svatka.pl","url":"https:\/\/svatka.pl\/","logo":{"@type":"ImageObject","inLanguage":"en-US","@id":"https:\/\/svatka.pl\/#\/schema\/logo\/image\/","url":"https:\/\/svatka.pl\/wp-content\/uploads\/2016\/12\/logo_square_50px_white_bckg-2.png","contentUrl":"https:\/\/svatka.pl\/wp-content\/uploads\/2016\/12\/logo_square_50px_white_bckg-2.png","width":40,"height":40,"caption":"Svatka.pl"},"image":{"@id":"https:\/\/svatka.pl\/#\/schema\/logo\/image\/"},"sameAs":["https:\/\/www.facebook.com\/svatka.speeddates\/","https:\/\/www.instagram.com\/svatka.pl\/","https:\/\/www.youtube.com\/watch?v=b3Iiupu2pfg"]}]}},"_links":{"self":[{"href":"https:\/\/svatka.pl\/en\/wp-json\/wp\/v2\/pages\/18773","targetHints":{"allow":["GET"]}}],"collection":[{"href":"https:\/\/svatka.pl\/en\/wp-json\/wp\/v2\/pages"}],"about":[{"href":"https:\/\/svatka.pl\/en\/wp-json\/wp\/v2\/types\/page"}],"author":[{"embeddable":true,"href":"https:\/\/svatka.pl\/en\/wp-json\/wp\/v2\/users\/2"}],"replies":[{"embeddable":true,"href":"https:\/\/svatka.pl\/en\/wp-json\/wp\/v2\/comments?post=18773"}],"version-history":[{"count":2,"href":"https:\/\/svatka.pl\/en\/wp-json\/wp\/v2\/pages\/18773\/revisions"}],"predecessor-version":[{"id":75983,"href":"https:\/\/svatka.pl\/en\/wp-json\/wp\/v2\/pages\/18773\/revisions\/75983"}],"wp:attachment":[{"href":"https:\/\/svatka.pl\/en\/wp-json\/wp\/v2\/media?parent=18773"}],"curies":[{"name":"wp","href":"https:\/\/api.w.org\/{rel}","templated":true}]}}